{"id":19,"date":"2019-03-04T14:51:33","date_gmt":"2019-03-04T13:51:33","guid":{"rendered":"http:\/\/www.jati-schimmelpilzentferner.eu\/?page_id=19"},"modified":"2024-07-12T10:04:26","modified_gmt":"2024-07-12T08:04:26","slug":"frontpage","status":"publish","type":"page","link":"https:\/\/www.jati-schimmelpilzentferner.eu\/","title":{"rendered":"Zum Produkt"},"content":{"rendered":"<section class=\"l-section wpb_row height_medium\"><div class=\"l-section-h i-cf\"><div class=\"g-cols vc_row via_grid cols_1-2 laptops-cols_inherit tablets-cols_inherit mobiles-cols_1 valign_top type_default stacking_default\"><div class=\"wpb_column vc_column_container\"><div class=\"vc_column-inner\"><div class=\"w-slider us_custom_bd34bf86 style_none fit_scaledown nav_none count_3\"><div class=\"w-slider-h\" aria-hidden=\"true\"><div class=\"royalSlider\"><div class=\"rsContent\"><a class=\"rsImg\" data-rsw=\"401\" data-rsh=\"911\" href=\"https:\/\/www.jati-schimmelpilzentferner.eu\/wp-content\/uploads\/2019\/03\/SPE500ml201903.png\"><span data-alt=\"\"><\/span><\/a><\/div><div class=\"rsContent\"><a class=\"rsImg\" data-rsw=\"583\" data-rsh=\"935\" href=\"https:\/\/www.jati-schimmelpilzentferner.eu\/wp-content\/uploads\/2019\/03\/2xSPE500ml201903.png\"><span data-alt=\"\"><\/span><\/a><\/div><div class=\"rsContent\"><a class=\"rsImg\" data-rsw=\"709\" data-rsh=\"935\" href=\"https:\/\/www.jati-schimmelpilzentferner.eu\/wp-content\/uploads\/2019\/03\/3xSPE500ml201903.png\"><span data-alt=\"\"><\/span><\/a><\/div><\/div><img decoding=\"async\" src=\"https:\/\/www.jati-schimmelpilzentferner.eu\/wp-content\/uploads\/2019\/03\/SPE500ml201903.png\" width=\"401\" height=\"911\" alt loading=\"lazy\"><\/div><div class=\"w-slider-json\" onclick='return {&quot;autoScaleSlider&quot;:true,&quot;addActiveClass&quot;:true,&quot;loop&quot;:true,&quot;fadeInLoadedSlide&quot;:false,&quot;slidesSpacing&quot;:0,&quot;imageScalePadding&quot;:0,&quot;numImagesToPreload&quot;:2,&quot;arrowsNav&quot;:false,&quot;arrowsNavAutoHide&quot;:false,&quot;transitionType&quot;:&quot;move&quot;,&quot;transitionSpeed&quot;:250,&quot;block&quot;:{&quot;moveEffect&quot;:&quot;none&quot;,&quot;speed&quot;:300},&quot;thumbs&quot;:{&quot;fitInViewport&quot;:false,&quot;firstMargin&quot;:false,&quot;spacing&quot;:4},&quot;controlNavigation&quot;:&quot;none&quot;,&quot;autoplay&quot;:{&quot;enabled&quot;:true,&quot;pauseOnHover&quot;:true,&quot;delay&quot;:3000},&quot;autoScaleSliderWidth&quot;:401,&quot;autoScaleSliderHeight&quot;:911}'><\/div><\/div><\/div><\/div><div class=\"wpb_column vc_column_container\"><div class=\"vc_column-inner\"><div class=\"wpb_text_column\"><div class=\"wpb_wrapper\"><p><span style=\"font-family: Arial, sans-serif;\"><span style=\"font-size: medium;\"><strong><span style=\"font-size: xx-large;\"><u>Jati Schimmelpilzentferner: die Innovation gegen Schimmel<\/u><\/span><\/strong> <\/span><\/span><\/p>\n<p>Der Jati-Schimmelpilzentferner enth\u00e4lt eine neue Wirkstoffformel. Sie basiert auf Aktivsauerstoff und Fruchts\u00e4uren, die auch in der Lebensmittelindustrie als Konservierungsmittel zum Einsatz kommen. Schimmelpilze, Schimmelpilzsporen und Bakterien werden in kurzer Zeit vernichtet &#8211; einfach und sicher, beim professionellen wie beim privaten Einsatz. Jati Schimmelentferner ist <strong>chlorfrei, <\/strong> <strong>anwenderfreundlich und leicht biologisch abbaubar.<\/strong><\/p>\n<p><span style=\"font-family: Arial, sans-serif;\"><span style=\"font-size: medium;\"><strong><span style=\"font-size: x-large;\">F\u00fcr<\/span><\/strong> <a href=\"https:\/\/www.jatischimmelpilzentferner.de\/jati-entferner\" target=\"_blank\" rel=\"noopener noreferrer\"><strong><span style=\"font-size: x-large;\"><u>EUR 18,90<\/u><\/span><\/strong><\/a><strong><span style=\"font-size: x-large;\">\u00a0(inkl. MwSt) <\/span><\/strong><strong><span style=\"font-size: x-large;\">&#8211; sofort lieferbar<\/span><\/strong> <\/span><\/span><\/p>\n<p><strong>ab 3 Flaschen f\u00fcr EUR 16,63 pro Flasche<br \/>\n<\/strong><\/p>\n<p><strong> einfach und schnell im <a href=\"https:\/\/www.jatischimmelpilzentferner.de\/jati-entferner\" target=\"_blank\" rel=\"noopener noreferrer\">Internetshop<\/a><\/strong> <strong>bestellen<\/strong><\/p>\n<p><strong> Ohne Chlor, Hypochlorit, Alkohole, Aldehyde, quart\u00e4re Ammoniumverbindungen: <\/strong><\/p>\n<p><a href=\"https:\/\/www.umweltanalytik.com\/daten\/Verbraucherinformation_Schimmelpilz-Entferner.pdf\" target=\"_blank\" rel=\"noopener noreferrer\">Verbraucherinformationen zum Jati-Schimmelpilzentferner<\/a><\/p>\n<p>Mit dem neuen Jati Schimmelpilzentferner vernichten Sie bestehenden Pilzbefall und beugen gleichzeitig der schnellen Neubildung vor. Denn das Produkt dringt tief in die Bausubstanz ein und konserviert den Untergrund.<\/p>\n<p><u>Verz\u00f6gert die Neubildung von Schimmelpilz<\/u><\/p>\n<p><u>Kein Sonderm\u00fcll durch die Anwendung des <\/u> <u> Jati Schimmelpilzentferner<\/u><u>s <\/u><\/p>\n<p>Behandelte, abgel\u00f6ste Tapeten und anderes Material k\u00f6nnen Sie ohne Risiko \u00fcber den Hausm\u00fcll oder als Bauschutt entsorgen.<\/p>\n<\/div><\/div><\/div><\/div><\/div><\/div><\/section><section class=\"l-section wpb_row height_medium color_alternate\"><div class=\"l-section-h i-cf\"><div class=\"g-cols vc_row via_grid cols_3 laptops-cols_inherit tablets-cols_inherit mobiles-cols_1 valign_top type_default stacking_default\"><div class=\"wpb_column vc_column_container\"><div class=\"vc_column-inner\"><div class=\"wpb_text_column us_custom_5161df78\"><div class=\"wpb_wrapper\"><p style=\"text-align: center;\"><strong><span style=\"font-size: x-large;\">Vorher\u00a0<\/span><\/strong><\/p>\n<\/div><\/div><div class=\"w-image align_none\"><div class=\"w-image-h\"><img decoding=\"async\" width=\"454\" height=\"202\" src=\"https:\/\/www.jati-schimmelpilzentferner.eu\/wp-content\/uploads\/2019\/03\/schimmel1-1.jpg\" class=\"attachment-large size-large\" alt=\"\" loading=\"lazy\" srcset=\"https:\/\/www.jati-schimmelpilzentferner.eu\/wp-content\/uploads\/2019\/03\/schimmel1-1.jpg 454w, https:\/\/www.jati-schimmelpilzentferner.eu\/wp-content\/uploads\/2019\/03\/schimmel1-1-300x133.jpg 300w\" sizes=\"auto, (max-width: 454px) 100vw, 454px\" \/><\/div><\/div><div class=\"wpb_text_column us_custom_5161df78\"><div class=\"wpb_wrapper\"><p><strong><span style=\"font-size: x-large;\">\u00a0<\/span><\/strong><\/p>\n<\/div><\/div><\/div><\/div><div class=\"wpb_column vc_column_container\"><div class=\"vc_column-inner\"><div class=\"w-image align_center\"><div class=\"w-image-h\"><img decoding=\"async\" width=\"148\" height=\"200\" src=\"https:\/\/www.jati-schimmelpilzentferner.eu\/wp-content\/uploads\/2019\/03\/sprueh1-1.jpg\" class=\"attachment-full size-full\" alt=\"\" loading=\"lazy\" \/><\/div><\/div><div class=\"w-separator size_small\"><\/div><\/div><\/div><div class=\"wpb_column vc_column_container\"><div class=\"vc_column-inner\"><div class=\"wpb_text_column us_custom_5161df78\"><div class=\"wpb_wrapper\"><p style=\"text-align: center;\"><strong><span style=\"font-size: x-large;\">Nachher<\/span><\/strong><\/p>\n<\/div><\/div><div class=\"w-image align_none\"><div class=\"w-image-h\"><img decoding=\"async\" width=\"454\" height=\"203\" src=\"https:\/\/www.jati-schimmelpilzentferner.eu\/wp-content\/uploads\/2019\/03\/schimmel2-1.jpg\" class=\"attachment-large size-large\" alt=\"\" loading=\"lazy\" srcset=\"https:\/\/www.jati-schimmelpilzentferner.eu\/wp-content\/uploads\/2019\/03\/schimmel2-1.jpg 454w, https:\/\/www.jati-schimmelpilzentferner.eu\/wp-content\/uploads\/2019\/03\/schimmel2-1-300x134.jpg 300w\" sizes=\"auto, (max-width: 454px) 100vw, 454px\" \/><\/div><\/div><div class=\"wpb_text_column us_custom_5161df78\"><div class=\"wpb_wrapper\"><p><strong><span style=\"font-size: x-large;\">\u00a0<\/span><\/strong><\/p>\n<\/div><\/div><\/div><\/div><\/div><\/div><\/section><section class=\"l-section wpb_row height_medium\"><div class=\"l-section-h i-cf\"><div class=\"g-cols vc_row via_grid cols_2 laptops-cols_inherit tablets-cols_inherit mobiles-cols_1 valign_top type_default stacking_default\"><div class=\"wpb_column vc_column_container\"><div class=\"vc_column-inner\"><div class=\"wpb_text_column\"><div class=\"wpb_wrapper\"><p><strong><u>Die Wirkung von Jati Schimmelpilzentferner: schnell und anhaltend<\/u><\/strong><\/p>\n<p>\u2022 Wirkt zuverl\u00e4ssig innerhalb von wenigen Minuten<br \/>\n\u2022 Vernichtet Schimmelpilz und Bakterien<br \/>\n\u2022 Konserviert den Untergrund mit Fruchts\u00e4uren und verhindert schnellen Neubefall<br \/>\n\u2022 Sanierung von Sekund\u00e4rkontaminationen auf Teppichen, Polstern, Gardinen und Einrichtungsgegenst\u00e4nden<\/p>\n<p><img loading=\"lazy\" decoding=\"async\" class=\"alignnone size-medium wp-image-577\" src=\"https:\/\/www.jati-schimmelpilzentferner.eu\/wp-content\/uploads\/2019\/03\/wirkung_neu-300x83.jpg\" alt=\"\" width=\"300\" height=\"83\" srcset=\"https:\/\/www.jati-schimmelpilzentferner.eu\/wp-content\/uploads\/2019\/03\/wirkung_neu-300x83.jpg 300w, https:\/\/www.jati-schimmelpilzentferner.eu\/wp-content\/uploads\/2019\/03\/wirkung_neu.jpg 440w\" sizes=\"auto, (max-width: 300px) 100vw, 300px\" \/><\/p>\n<\/div><\/div><div class=\"wpb_text_column\"><div class=\"wpb_wrapper\"><p><strong><u>Die Sicherheit von <\/u> <u>Jati Schimmelpilzentferner<\/u><u>: getestet und best\u00e4tigt<\/u><\/strong><\/p>\n<p>\u2022 Ohne Chlor, Hypochlorit, Alkohole, Aldehyde und quartern\u00e4re Ammoniumverbindungen<br \/>\n\u2022 Hautvertr\u00e4glichkeit dermatologisch getestet und mit &#8222;sehr gut&#8220; bewertet (Dermatest 2009)<br \/>\n\u2022 Keine gef\u00e4hrliche Zubereitung nach Richtlinie 1999\/45\/EG<br \/>\n\u2022 Kein Gefahrgut nach EWG-Richtlinie 89\/542\/EWG<br \/>\n\u2022 Nicht brennbar<br \/>\n\u2022 Sichere, einfache und schnelle Verarbeitung<\/p>\n<\/div><\/div><\/div><\/div><div class=\"wpb_column vc_column_container\"><div class=\"vc_column-inner\"><div class=\"wpb_text_column\"><div class=\"wpb_wrapper\"><p><strong><u>Die Wirtschaftlichkeit von <\/u> <u>Jati Schimmelpilzentferner<\/u><u>: klar und \u00fcberzeugend<\/u><\/strong><\/p>\n<p>\u2022 Sparsam in der Anwendung (0,08 &#8211; 0,12 l\/m<sup>2<\/sup>)<br \/>\n\u2022 Kurze Arbeitszeit (3 &#8211; 5 Minuten\/10 m<sup>2<\/sup>)<br \/>\n\u2022 Keine Folgebehandlungen notwendig, eine Behandlung ist ausreichend<br \/>\n\u2022 Keine Entsorgung \u00fcber Sonderm\u00fcll f\u00fcr Tapeten, Bauschutt u. \u00e4.<br \/>\n\u2022 Ideal auch f\u00fcr Gro\u00dfsanierungen<\/p>\n<p><img loading=\"lazy\" decoding=\"async\" class=\"wp-image-607 size-full aligncenter\" src=\"https:\/\/www.jati-schimmelpilzentferner.eu\/wp-content\/uploads\/2019\/04\/schimmel3-2.jpg\" alt=\"\" width=\"294\" height=\"259\" \/><\/p>\n<p>Die Zersetzung des Schimmelpilzes wird bei einigen Pilzsorten durch sichtbare Aktivschaumbildung und h\u00f6rbares Knistern deutlich.<\/p>\n<\/div><\/div><\/div><\/div><\/div><\/div><\/section><section class=\"l-section wpb_row height_medium color_alternate\"><div class=\"l-section-h i-cf\"><div class=\"g-cols vc_row via_grid cols_2-1 laptops-cols_inherit tablets-cols_inherit mobiles-cols_1 valign_top type_default stacking_default\"><div class=\"wpb_column vc_column_container\"><div class=\"vc_column-inner\"><div class=\"wpb_text_column\"><div class=\"wpb_wrapper\"><p><strong><span style=\"font-family: Arial, sans-serif;\"><span style=\"font-size: medium;\"><u><span style=\"font-size: xx-large;\">Gesundheitsfreundlich und gut vertr\u00e4glich!<\/span><\/u><\/span><\/span><\/strong><\/p>\n<p>Jati-Schimmelpilz-Entferner wirkt durch eine Verbindung aus Fruchts\u00e4uren und Aktivsauerstoff. Damit werden alle Schimmelpilze, selbst der als bedenklich eingestufte Stachybotrys, \u00fcberlistet: die Wirkstoffe durchdringen das Enzymschutzschild der Schimmelpilzzelle und erreichen unerkannt, \u00e4hnlich dem Trojanischen Pferd, das Innere der Zelle. In kurzer Zeit werden Schimmelpilze, Sporen und Bakterien abget\u00f6tet.<\/p>\n<p>Mit dem Hautvertr\u00e4glichkeitstest (Dermatest 2009) m\u00f6chten wir belegen, dass Jati-Schimmelpilz-Entferner trotz hoher Wirksamkeit gegen Schimmelpilz, Schimmelpilzsporen und Bakterien au\u00dferordentlich anwenderfreundlich ist.<\/p>\n<p>\u00dcblicherweise werden Produkte, die Schimmelpilze abt\u00f6ten, als reizend, gesundheitssch\u00e4dlich, leicht entz\u00fcndlich oder umweltgef\u00e4hrdend eingestuft. Sichtbar wird dies auch an den Gefahrensymbolen, mit denen die einzelnen Produkte gekennzeichnet werden m\u00fcssen. Hinzu kommen h\u00e4ufig l\u00e4nger anhaltende Geruchsbel\u00e4stigungen durch manche Produkte.<\/p>\n<p><u>Es geht auch anders:<\/u><strong><br \/>\n<\/strong><\/p>\n<p><img loading=\"lazy\" decoding=\"async\" class=\"alignnone size-full wp-image-576\" src=\"https:\/\/www.jati-schimmelpilzentferner.eu\/wp-content\/uploads\/2019\/03\/kennzeichnung-ohne-2.jpg\" alt=\"\" width=\"150\" height=\"29\" \/><\/p>\n<p>Jati-Schimmelpilz-Entferner ist weder ein Gefahrgut noch ein Gefahrstoff und somit auch nicht kennzeichnungspflichtig. Er hinterl\u00e4sst keinerlei Ger\u00fcche, sondern wirkt diesen sogar entgegen. Das komplette fach\u00e4rztliche, dermatologische Gutachten \u00fcber einen Epikutantest, der von Dermatest an 30 Probanden durchgef\u00fchrt wurde, k\u00f6nnen Sie <b><a href=\"http:\/\/www.jati-schimmelpilzentferner.de\/daten\/dermatest%202009.pdf\" target=\"_blank\" rel=\"noopener noreferrer\">hier<\/a><\/b> einsehen.<\/p>\n<\/div><\/div><\/div><\/div><div class=\"wpb_column vc_column_container\"><div class=\"vc_column-inner\"><div class=\"w-image align_none\"><div class=\"w-image-h\"><img decoding=\"async\" width=\"609\" height=\"955\" src=\"https:\/\/www.jati-schimmelpilzentferner.eu\/wp-content\/uploads\/2019\/03\/Seedlin.png\" class=\"attachment-large size-large\" alt=\"\" loading=\"lazy\" srcset=\"https:\/\/www.jati-schimmelpilzentferner.eu\/wp-content\/uploads\/2019\/03\/Seedlin.png 609w, https:\/\/www.jati-schimmelpilzentferner.eu\/wp-content\/uploads\/2019\/03\/Seedlin-300x470.png 300w, https:\/\/www.jati-schimmelpilzentferner.eu\/wp-content\/uploads\/2019\/03\/Seedlin-191x300.png 191w, https:\/\/www.jati-schimmelpilzentferner.eu\/wp-content\/uploads\/2019\/03\/Seedlin-600x941.png 600w\" sizes=\"auto, (max-width: 609px) 100vw, 609px\" \/><\/div><\/div><\/div><\/div><\/div><\/div><\/section><section class=\"l-section wpb_row height_medium\"><div class=\"l-section-h i-cf\"><div class=\"g-cols vc_row via_grid cols_1 laptops-cols_inherit tablets-cols_inherit mobiles-cols_1 valign_top type_default stacking_default\"><div class=\"wpb_column vc_column_container\"><div class=\"vc_column-inner\"><div class=\"wpb_text_column\"><div class=\"wpb_wrapper\"><p><strong><span style=\"font-family: Arial, sans-serif;\"><span style=\"font-size: xx-large;\"><u>Einer f\u00fcr alles:\u00a0Jati Schimmelpilzentferner vielseitig in Haus und Betrieb<\/u><\/span><\/span><\/strong><\/p>\n<p>Dieses Anti-Schimmelspray ohne Chlor wirkt auf jedem Untergrund, zum Beispiel auf Silikon, Holz, Mauerwerk, Tapeten, Kacheln, OSB-Platten und diffusionsoffenen Holzwerkstoffplatten, ebenso auf Polstern, Teppichen, Gardinen und anderen Einrichtungsgegenst\u00e4nden.\u00a0Sehr gut einsetzbar bei Schimmelpilzbildung auf Blumenerde.<\/p>\n<\/div><\/div><div class=\"g-cols wpb_row via_grid cols_1-3 laptops-cols_inherit tablets-cols_inherit mobiles-cols_1 valign_top type_default stacking_default\" style=\"--columns-gap:3rem;\"><div class=\"wpb_column vc_column_container\"><div class=\"vc_column-inner\"><div class=\"wpb_text_column\"><div class=\"wpb_wrapper\"><p>Selbst sensible Wohnbereiche sind nach der Behandlung sofort wieder begeh- und bewohnbar. Ob bei Gro\u00dfsanierungen durch den Profi oder bei der stellenweisen Anwendung zu Hause, f\u00fcr den Jati-Schimmelpilzentferner gibt es viele Einsatzgebiete:<\/p>\n<p>\u2022 Schlaf- und Wohnzimmer<br \/>\n\u2022 K\u00fcche<br \/>\n\u2022 Sanit\u00e4rbereich<br \/>\n\u2022 Dachgeschoss<br \/>\n\u2022 Blumenerde<br \/>\n\u2022 Kellerr\u00e4ume<br \/>\n\u2022 Hotels<br \/>\n\u2022 Weinkeller<br \/>\n\u2022 Restaurants<br \/>\n\u2022 Lebensmittelverarbeitende Betriebe (z.B. B\u00e4ckereien)<\/p>\n<\/div><\/div><\/div><\/div><div class=\"wpb_column vc_column_container\"><div class=\"vc_column-inner\"><div class=\"w-slider style_none fit_scaledown nav_none count_6\"><div class=\"w-slider-h\" aria-hidden=\"true\"><div class=\"royalSlider\"><div class=\"rsContent\"><a class=\"rsImg\" data-rsw=\"692\" data-rsh=\"516\" href=\"https:\/\/www.jati-schimmelpilzentferner.eu\/wp-content\/uploads\/2019\/03\/UnbenaSDASDASDASDnnt.png\"><span data-alt=\"\"><\/span><\/a><\/div><div class=\"rsContent\"><a class=\"rsImg\" data-rsw=\"843\" data-rsh=\"576\" href=\"https:\/\/www.jati-schimmelpilzentferner.eu\/wp-content\/uploads\/2019\/03\/UnbSDASDASDADASDASenannt.png\"><span data-alt=\"\"><\/span><\/a><\/div><div class=\"rsContent\"><a class=\"rsImg\" data-rsw=\"1063\" data-rsh=\"711\" href=\"https:\/\/www.jati-schimmelpilzentferner.eu\/wp-content\/uploads\/2019\/03\/Unbenanafawdasfdnt.png\"><span data-alt=\"\"><\/span><\/a><\/div><div class=\"rsContent\"><a class=\"rsImg\" data-rsw=\"1293\" data-rsh=\"856\" href=\"https:\/\/www.jati-schimmelpilzentferner.eu\/wp-content\/uploads\/2019\/03\/Unbenandasdadwfgassdnt.png\"><span data-alt=\"\"><\/span><\/a><\/div><div class=\"rsContent\"><a class=\"rsImg\" data-rsw=\"4928\" data-rsh=\"3264\" href=\"https:\/\/www.jati-schimmelpilzentferner.eu\/wp-content\/uploads\/2019\/03\/aaron-huber-401200-unsplash.jpg\"><span data-alt=\"\"><\/span><\/a><\/div><div class=\"rsContent\"><a class=\"rsImg\" data-rsw=\"831\" data-rsh=\"571\" href=\"https:\/\/www.jati-schimmelpilzentferner.eu\/wp-content\/uploads\/2019\/03\/UnbasdasdfasdfAnannt.png\"><span data-alt=\"\"><\/span><\/a><\/div><\/div><img decoding=\"async\" src=\"https:\/\/www.jati-schimmelpilzentferner.eu\/wp-content\/uploads\/2019\/03\/UnbenaSDASDASDASDnnt.png\" width=\"692\" height=\"516\" alt loading=\"lazy\"><\/div><div class=\"w-slider-json\" onclick='return {&quot;autoScaleSlider&quot;:true,&quot;addActiveClass&quot;:true,&quot;loop&quot;:true,&quot;fadeInLoadedSlide&quot;:false,&quot;slidesSpacing&quot;:0,&quot;imageScalePadding&quot;:0,&quot;numImagesToPreload&quot;:2,&quot;arrowsNav&quot;:true,&quot;arrowsNavAutoHide&quot;:false,&quot;transitionType&quot;:&quot;move&quot;,&quot;transitionSpeed&quot;:3000,&quot;block&quot;:{&quot;moveEffect&quot;:&quot;none&quot;,&quot;speed&quot;:300},&quot;thumbs&quot;:{&quot;fitInViewport&quot;:false,&quot;firstMargin&quot;:false,&quot;spacing&quot;:4},&quot;controlNavigation&quot;:&quot;none&quot;,&quot;autoplay&quot;:{&quot;enabled&quot;:true,&quot;pauseOnHover&quot;:true,&quot;delay&quot;:3000},&quot;autoScaleSliderWidth&quot;:692,&quot;autoScaleSliderHeight&quot;:516}'><\/div><\/div><\/div><\/div><\/div><div class=\"g-cols wpb_row via_grid cols_1 laptops-cols_inherit tablets-cols_inherit mobiles-cols_1 valign_top type_default stacking_default\" style=\"--columns-gap:3rem;\"><div class=\"wpb_column vc_column_container\"><div class=\"vc_column-inner\"><div class=\"wpb_text_column\"><div class=\"wpb_wrapper\"><p>Ideal ist der Jati-Schimmelpilzentferner auch f\u00fcr<br \/>\n\u2022 Gro\u00dfsanierungen<br \/>\n\u2022 Renovierungen nach Wassersch\u00e4den und \u00dcberschwemmungen (gr\u00f6\u00dfere Gebinde auf Bestellung lieferbar)<\/p>\n<p>Wir empfehlen in bei schwerwiegenden F\u00e4llen gemeinsam mit einer Schimmel-Sanierungsfirma den baulichen und hygienischen Ursachen auf den Grund gehen. Ein professioneller Sanierer kann zus\u00e4tzlich mit sogenannten Hei\u00df- oder Kaltfoggern und dem speziell hierf\u00fcr entwickelten Jati-Sporenvernichter die Raumluft entkeimen, denn eine Pilzspore kann lange Zeit selbst unter den unwirtlichsten Bedingungen \u00fcberleben, um irgendwann bei gen\u00fcgend Feuchtigkeit auszukeimen und einen Schimmelbefall zu verursachen.<\/p>\n<p><strong>Unterst\u00fctzende Wirkung bei einer Sanierung mit dem Jati-Schimmelpilz-Entferner: Jati Sporenvernichter<\/strong><\/p>\n<\/div><\/div><\/div><\/div><\/div><\/div><\/div><\/div><\/div><\/section>\n\n<div class=\"wpcf7 no-js\" id=\"wpcf7-f15-o1\" lang=\"de-DE\" dir=\"ltr\" data-wpcf7-id=\"15\">\n<div class=\"screen-reader-response\"><p role=\"status\" aria-live=\"polite\" aria-atomic=\"true\"><\/p> <ul><\/ul><\/div>\n<form action=\"\/index.php\/wp-json\/wp\/v2\/pages\/19?doing_wp_cron=1776648438.2983009815216064453125#wpcf7-f15-o1\" method=\"post\" class=\"wpcf7-form init\" aria-label=\"Kontaktformular\" novalidate=\"novalidate\" data-status=\"init\">\n<fieldset class=\"hidden-fields-container\"><input type=\"hidden\" name=\"_wpcf7\" value=\"15\" \/><input type=\"hidden\" name=\"_wpcf7_version\" value=\"6.1.5\" \/><input type=\"hidden\" name=\"_wpcf7_locale\" value=\"de_DE\" \/><input type=\"hidden\" name=\"_wpcf7_unit_tag\" value=\"wpcf7-f15-o1\" \/><input type=\"hidden\" name=\"_wpcf7_container_post\" value=\"0\" \/><input type=\"hidden\" name=\"_wpcf7_posted_data_hash\" value=\"\" \/><input type=\"hidden\" name=\"_wpcf7_recaptcha_response\" value=\"\" \/>\n<\/fieldset>\n<p><label> Ihr Name (Pflichtfeld)<br \/>\n<span class=\"wpcf7-form-control-wrap\" data-name=\"your-name\"><input size=\"40\" maxlength=\"400\" class=\"wpcf7-form-control wpcf7-text wpcf7-validates-as-required\" aria-required=\"true\" aria-invalid=\"false\" value=\"\" type=\"text\" name=\"your-name\" \/><\/span> <\/label>\n<\/p>\n<p><label> Ihre E-Mail-Adresse (Pflichtfeld)<br \/>\n<span class=\"wpcf7-form-control-wrap\" data-name=\"your-email\"><input size=\"40\" maxlength=\"400\" class=\"wpcf7-form-control wpcf7-email wpcf7-validates-as-required wpcf7-text wpcf7-validates-as-email\" aria-required=\"true\" aria-invalid=\"false\" value=\"\" type=\"email\" name=\"your-email\" \/><\/span> <\/label>\n<\/p>\n<p><label> Ihre Nachricht<br \/>\n<span class=\"wpcf7-form-control-wrap\" data-name=\"your-message\"><textarea cols=\"40\" rows=\"10\" maxlength=\"2000\" class=\"wpcf7-form-control wpcf7-textarea\" aria-invalid=\"false\" name=\"your-message\"><\/textarea><\/span> <\/label><br \/>\n<span class=\"wpcf7-form-control-wrap\" data-name=\"acceptance-538\"><span class=\"wpcf7-form-control wpcf7-acceptance\"><span class=\"wpcf7-list-item\"><label><input type=\"checkbox\" name=\"acceptance-538\" value=\"1\" aria-invalid=\"false\" \/><span class=\"wpcf7-list-item-label\">Hiermit erteile ich meine Einwilligung in die Angabenspeicherung und Kontaktaufnahme. Hinweis: Diese Einwilligung k\u00f6nnen Sie jederzeit mit Wirkung f\u00fcr die Zukunft widerrufen, indem Sie eine E-Mail an info@umweltanalytik,com schicken.<\/span><\/label><\/span><\/span><\/span>\n<\/p>\n<p><input class=\"wpcf7-form-control wpcf7-submit has-spinner\" type=\"submit\" value=\"Senden\" \/>\n<\/p><div class=\"wpcf7-response-output\" aria-hidden=\"true\"><\/div>\n<\/form>\n<\/div>\n\n","protected":false},"excerpt":{"rendered":"","protected":false},"author":2,"featured_media":0,"parent":0,"menu_order":0,"comment_status":"closed","ping_status":"closed","template":"","meta":{"footnotes":""},"class_list":["post-19","page","type-page","status-publish","hentry"],"_links":{"self":[{"href":"https:\/\/www.jati-schimmelpilzentferner.eu\/index.php\/wp-json\/wp\/v2\/pages\/19","targetHints":{"allow":["GET"]}}],"collection":[{"href":"https:\/\/www.jati-schimmelpilzentferner.eu\/index.php\/wp-json\/wp\/v2\/pages"}],"about":[{"href":"https:\/\/www.jati-schimmelpilzentferner.eu\/index.php\/wp-json\/wp\/v2\/types\/page"}],"author":[{"embeddable":true,"href":"https:\/\/www.jati-schimmelpilzentferner.eu\/index.php\/wp-json\/wp\/v2\/users\/2"}],"replies":[{"embeddable":true,"href":"https:\/\/www.jati-schimmelpilzentferner.eu\/index.php\/wp-json\/wp\/v2\/comments?post=19"}],"version-history":[{"count":90,"href":"https:\/\/www.jati-schimmelpilzentferner.eu\/index.php\/wp-json\/wp\/v2\/pages\/19\/revisions"}],"predecessor-version":[{"id":844,"href":"https:\/\/www.jati-schimmelpilzentferner.eu\/index.php\/wp-json\/wp\/v2\/pages\/19\/revisions\/844"}],"wp:attachment":[{"href":"https:\/\/www.jati-schimmelpilzentferner.eu\/index.php\/wp-json\/wp\/v2\/media?parent=19"}],"curies":[{"name":"wp","href":"https:\/\/api.w.org\/{rel}","templated":true}]}}