{"id":221,"date":"2019-03-07T14:41:04","date_gmt":"2019-03-07T13:41:04","guid":{"rendered":"http:\/\/www.jati-schimmelpilzentferner.eu\/?page_id=221"},"modified":"2023-03-23T16:28:21","modified_gmt":"2023-03-23T15:28:21","slug":"agb","status":"publish","type":"page","link":"https:\/\/www.jati-schimmelpilzentferner.eu\/index.php\/agb\/","title":{"rendered":"AGB"},"content":{"rendered":"<section class=\"l-section wpb_row height_medium\"><div class=\"l-section-h i-cf\"><div class=\"g-cols vc_row via_grid cols_1 laptops-cols_inherit tablets-cols_inherit mobiles-cols_1 valign_top type_default stacking_default\"><div class=\"wpb_column vc_column_container\"><div class=\"vc_column-inner\"><div class=\"wpb_text_column\"><div class=\"wpb_wrapper\"><h1><strong>AGB &#8211; <\/strong><strong>Allgemeine Gesch\u00e4ftsbedingungen<\/strong><\/h1>\n<\/div><\/div><div class=\"wpb_text_column\"><div class=\"wpb_wrapper\"><ol>\n<li>Geltungsbereich<\/li>\n<\/ol>\n<p>1.1 F\u00fcr alle gegenseitigen Anspr\u00fcche aus und im Zusammenhang mit einem Vertragsabschluss zwischen dem Kunden und\u00a0 dem Ingenieurb\u00fcro Oetzel gelten stets diese Allgemeinen Gesch\u00e4ftsbedingungen in ihrer zum Zeitpunkt des jeweiligen Vertragsabschlusses g\u00fcltigen Fassung, dies unter Einbeziehung der Besonderen Gesch\u00e4ftsbedingungen vom Ingenieurb\u00fcro Oetzel f\u00fcr die verschiedenen Leistungen, die nicht eine Warenbestellung zum Gegenstand haben. Die besonderen Gesch\u00e4ftsbedingungen der Leistungen befinden sich bei den jeweils angebotenen Leistungen.<\/p>\n<p>&nbsp;<\/p>\n<p>1.2 Im Falle von Kollisionen gilt zwischen den Regelungen als Rangfolge:<\/p>\n<ol>\n<li>Besondere Gesch\u00e4ftsbedingungen der einzelnen Leistungen;<\/li>\n<li>diese Allgemeinen Gesch\u00e4ftsbedingungen;<\/li>\n<li>Gesetzliche Regelung.<\/li>\n<li>Teilnehmer<\/li>\n<\/ol>\n<p>Das Ingenieurb\u00fcro Oetzel schlie\u00dft Vertr\u00e4ge mit Kunden ab, die<\/p>\n<ol start=\"18\">\n<li>a) unbeschr\u00e4nkt gesch\u00e4ftsf\u00e4hige nat\u00fcrliche Personen sind, die das 18. Lebensjahr vollendet haben sowie mit<\/li>\n<li>b) juristischen Personen, jeweils mit Wohnsitz bzw. Sitz in der Bundesrepublik Deutschland, einem<\/li>\n<\/ol>\n<p>Mitgliedsstaat der Europ\u00e4ischen Union oder der Schweiz (nachfolgend &#8222;Kunden&#8220; genannt).<\/p>\n<p>Soweit das Angebot eines nicht akzeptierten Teilnehmers versehentlich vom Ingenieurb\u00fcro Oetzel angenommen wurde, ist das Ingenieurb\u00fcro Oetzel binnen einer angemessenen Frist zur Erkl\u00e4rung des R\u00fccktritts vom Vertrag gegen\u00fcber dem Kunden berechtigt.<\/p>\n<ol start=\"3\">\n<li>Vertragsgegenstand<\/li>\n<\/ol>\n<p>Das Ingenieurb\u00fcro Oetzel liefert die vom Kunden bestellten Waren oder erbringt Dienstleistungen nach Angebotsannahme. Sollte das Ingenieurb\u00fcro Oetzel nachtr\u00e4glich erkennen, dass sich beim Ingenieurb\u00fcro Oetzel ein Fehler z.B. bei den Angaben zu einem Produkt, zu einem Preis oder zu einer Lieferbarkeit eingeschlichen hat, wird das Ingenieurb\u00fcro Oetzel den Kunden hiervon umgehend informieren. Dieser kann den Auftrag unter den abge\u00e4nderten Konditionen nochmals best\u00e4tigen. Andernfalls ist das Ingenieurb\u00fcro Oetzel zum R\u00fccktritt vom Vertrag berechtigt.<\/p>\n<ol start=\"4\">\n<li>Vertragsabschluss \/ Widerrufsrecht<\/li>\n<\/ol>\n<p>Bestellern, die nat\u00fcrliche Personen sind und im Online-Shop von www.umweltanalytik.com zu einem Zweck einkaufen, der weder ihrer gewerblichen noch ihrer selbst\u00e4ndigen beruflichen T\u00e4tigkeit zugerechnet werden kann (\u201eVerbraucher\u201c gem\u00e4\u00df \u00a7 13 BGB), steht ein Widerrufsrecht gem\u00e4\u00df \u00a7\u00a7 312d, 355 BGB zu.<\/p>\n<p>&nbsp;<\/p>\n<p>4.1 Der Vertrag kommt durch Annahme der Kundenbestellung durch das Ingenieurb\u00fcro Oetzel zustande. Der Kunde verzichtet auf den Zugang einer Annahmeerkl\u00e4rung, \u00a7 151 Satz 1 BGB. \u00dcber den Vertragsabschluss wird der Kunde entweder vom Ingenieurb\u00fcro Oetzel durch eine Best\u00e4tigung unterrichtet oder sp\u00e4testens durch Ausf\u00fchrung der Lieferung der bestellten Waren bzw. durch das Angebot oder das Erbringen der Dienstleistung. Bestellt der Kunde per Internet, so wird das Ingenieurb\u00fcro Oetzel jedoch den Eingang der Bestellungen unverz\u00fcglich auf elektronischem Wege bei korrekten Kundenangaben best\u00e4tigen.<\/p>\n<p>4.2 Sie haben das Recht, binnen vierzehn Tagen ohne Angabe von Gr\u00fcnden diesen Vertrag zu widerrufen. Die Widerrufsfrist betr\u00e4gt vierzehn Tage ab dem Tag, an dem Sie oder ein von Ihnen benannter Dritter, der nicht der Bef\u00f6rderer ist, die Waren in Besitz genommen haben bzw. hat. Um Ihr Widerrufsrecht auszu\u00fcben, m\u00fcssen Sie uns (Ingenieurb\u00fcro Oetzel , Glogauer Str. 15 , 34212 Melsungen, Tel.: +49 (0) 5661 9260920, Fax: +49 (0) 5661 9260922, E-Mail: info@umweltanalytik.com ) mittels einer eindeutigen Erkl\u00e4rung (z.B. ein mit der Post versandter Brief, Telefax oder E-Mail) \u00fcber Ihren Entschluss, diesen Vertrag zu widerrufen, informieren. Sie k\u00f6nnen daf\u00fcr das beigef\u00fcgte Muster-Widerrufsformular verwenden, das jedoch nicht vorgeschrieben ist. Zur Wahrung der Widerrufsfrist reicht es aus, dass Sie die Mitteilung \u00fcber die Aus\u00fcbung des Widerrufsrechts vor Ablauf der Widerrufsfrist absenden.<\/p>\n<p>Muster-Widerrufsformular\u00a0\u00a0 <a href=\"https:\/\/www.umweltanalytik.com\/daten\/widerrufsbelehrung.pdf\">Download<\/a><\/p>\n<p>4.3 Soll der Kaufpreis durch oder \u00fcber Ingenieurb\u00fcro Oetzel finanziert werden, so ist der Kunde bei rechtzeitiger Aus\u00fcbung des Widerrufsrechts auch nicht an seine auf Abschluss des Kreditvertrages gerichtete Willenserkl\u00e4rung gebunden.<\/p>\n<p>4.4 Das Widerrufsrecht gilt nicht f\u00fcr besondere Leistungen vom Ingenieurb\u00fcro Oetzel, in deren Besonderen Gesch\u00e4ftsbedingungen ein Widerrufsrecht ausgeschlossen wird, sowie f\u00fcr folgende Warengruppen:<\/p>\n<ul>\n<li>Waren, die nach Kundenspezifikation angefertigt werden oder auf die pers\u00f6nlichen Bed\u00fcrfnisse zugeschnitten sind;<\/li>\n<li>Textilien, die auf ein vom Kunden gew\u00fcnschtes Ma\u00df zugeschnitten sind;<\/li>\n<li>Waren, die aufgrund ihrer Beschaffenheit nicht f\u00fcr eine R\u00fccksendung geeignet sind oder schnell verderben k\u00f6nnen.<\/li>\n<\/ul>\n<p>4.5 Gibt der Kunde eine Bestellung f\u00fcr die nachfolgenden Waren bzw. Warengruppen beim Ingenieurb\u00fcro Oetzel auf, ist ein Widerrufsrecht ebenfalls ausgeschlossen, da diese Waren aufgrund ihrer Beschaffenheit nicht f\u00fcr eine R\u00fccksendung geeignet sind:<\/p>\n<ul>\n<li>B\u00fccher, soweit die Schutzh\u00fclle ge\u00f6ffnet wurde;<\/li>\n<li>Ersatzteile, die vom Kunden bereits eingebaut wurden;<\/li>\n<li>Batterien, Akkus, Kabel, Hygieneartikel oder \u00e4hnliche Artikel, soweit deren Versiegelung oder Verpackung ge\u00f6ffnet wurde;<\/li>\n<li>Sonderbestellungen des Kunden, wie z. B. speziell f\u00fcr den Kunden bestellte Ersatzteile etc.;<\/li>\n<\/ul>\n<p>4.6 Das Ingenieurb\u00fcro Oetzel nimmt nur Ware zur\u00fcck bzw. tauscht nur Ware um, die nachweislich auch von uns geliefert wurde und sich im Originalzustand befindet. Der Reklamation muss eine Kopie der Rechnung beigef\u00fcgt sein. Das Ingenieurb\u00fcro Oetzel beh\u00e4lt sich bei R\u00fcckgabe benutzter oder besch\u00e4digter Ware vor, Ersatz f\u00fcr die Wertminderung und f\u00fcr den Wert der Nutzung der Ware zu verlangen, soweit die Verschlechterung der Ware nicht ausschlie\u00dflich auf ihre Pr\u00fcfung zur\u00fcckzuf\u00fchren ist. Der Kunde kann diese Ersatzanspr\u00fcche vermeiden, wenn er die Ware nur in dem f\u00fcr eine angemessene Pr\u00fcfung erforderlichen Umfang in Benutzung nimmt.<\/p>\n<ol start=\"5\">\n<li>Verf\u00fcgbarkeitsvorbehalt<\/li>\n<\/ol>\n<p>Sollte das Ingenieurb\u00fcro Oetzel nach Vertragsabschlu\u00df feststellen, dass die bestellte Ware oder Dienstleistung nicht mehr beim Ingenieurb\u00fcro Oetzel verf\u00fcgbar ist oder aus rechtlichen Gr\u00fcnden nicht geliefert werden kann, kann das Ingenieurb\u00fcro Oetzel entweder eine in Qualit\u00e4t und Preis gleichwertige Ware oder Dienstleistung anbieten oder vom Vertrag zur\u00fccktreten. Bereits erhaltene Zahlungen wird das Ingenieurb\u00fcro Oetzel umgehend nach einem R\u00fccktritt vom Vertrag durch das Ingenieurb\u00fcro Oetzel oder den Kunden erstatten.<\/p>\n<ol start=\"6\">\n<li>Lieferung<\/li>\n<\/ol>\n<p>6.1 F\u00fcr das gesamte Risiko der Besch\u00e4digung auf dem Transportweg oder dem Verlust der Ware auf dem Transportweg schlie\u00dft das Ingenieurb\u00fcro Oetzel keine gesonderte Transportversicherung ab. Wir bitten bei unvollst\u00e4ndiger Lieferung oder Besch\u00e4digung auf dem Transportweg um Benachrichtigung innerhalb von 24 Stunden.<\/p>\n<p>6.2 Bestellt der Kunde eine Lieferung nach dem 24-Stunden-Service und trifft die Ware auch nicht innerhalb einer im Einzelfall m\u00f6glichen vertretbaren Kulanzzeit ein, ist der Kunde berechtigt, vom Vertrag zur\u00fcckzutreten und die Ware an das Ingenieurb\u00fcro Oetzel zur\u00fcckzusenden. Schadenersatzanspr\u00fcche sind in diesem Fall ausgeschlossen, es sei denn, das Ingenieurb\u00fcro Oetzel trifft Vorsatz oder grobe Fahrl\u00e4ssigkeit.<\/p>\n<ol start=\"7\">\n<li>Preis<\/li>\n<\/ol>\n<p>7.1 Die Preisangaben im Informationsmaterial und auf den Internetseiten sowie in den Internetshops sind Endpreise und enthalten die am Tag der Rechnungsstellung g\u00fcltige Mehrwertsteuer. Sollte eine gesetzliche Mehrwertsteuer-Erh\u00f6hung nach der Informationsver\u00f6ffentlichung erfolgen, ist das Ingenieurb\u00fcro Oetzel zur Berechnung des erh\u00f6hten Mehrwertsteuersatzes berechtigt. Bei der Preiserh\u00f6hung im B\u00fcchermarkt ist das Ingenieurb\u00fcro Oetzel aufgrund der Preisbindung zur Weitergabe von Preiserh\u00f6hungen berechtigt.<\/p>\n<p>7.2 Auf der Rechnung werden neben dem Nettopreis f\u00fcr die Ware die Preise f\u00fcr erg\u00e4nzende Leistungen ausgewiesen: Verpackung, Versand, 24-Stunden-Service, Versicherung, die jeweils zum Zeitpunkt der Rechnungsstellung g\u00fcltige Mehrwertsteuer etc.<\/p>\n<p>7.3 Bei Bestellungen \u00fcber die Homepages f\u00fcr Privatkunden des Ingenieurb\u00fcros Oetzel gelten nicht die Katalogpreise, sondern die auf der Homepage angegebenen Preise.<\/p>\n<ol start=\"8\">\n<li>Eigentumsvorbehalt<\/li>\n<\/ol>\n<p>Das Ingenieurb\u00fcro Oetzel beh\u00e4lt sich das Eigentum an aller Ware, die von ihm an einen Kunden ausgeliefert wird, bis zur endg\u00fcltigen und vollst\u00e4ndigen Zahlung der gelieferten Ware vor. Soweit das Ingenieurb\u00fcro Oetzel im Rahmen der Gew\u00e4hrleistung eine Ware austauscht, wird bereits heute vereinbart, dass das Eigentum an der auszutauschenden Ware wechselseitig in dem Zeitpunkt vom Kunden auf das Ingenieurb\u00fcro Oetzel bzw. umgekehrt \u00fcbergeht, in dem einerseits das Ingenieurb\u00fcro Oetzel die Ware vom Kunden zur\u00fcckgesandt bekommt bzw. der Kunde die Austauschlieferung vom Ingenieurb\u00fcro Oetzel erh\u00e4lt.<\/p>\n<ol start=\"9\">\n<li>Gew\u00e4hrleistung<\/li>\n<\/ol>\n<p>9.1 Das Ingenieurb\u00fcro Oetzel gew\u00e4hrleistet, dass die Produkte zum Zeitpunkt der \u00dcbergabe eine etwa vereinbarte Beschaffenheit haben bzw. frei von Sachm\u00e4ngeln sind, d.h. dass sie sich f\u00fcr die den Vertrag vorausgesetzten Verwendungen eignen oder sich f\u00fcr die gew\u00f6hnliche Verwendung eignen und eine Beschaffenheit aufweisen, die bei Sachen der gleichen Art \u00fcblich ist und die der Verk\u00e4ufer nach der Art der Sache und\/oder der Ank\u00fcndigung vom Ingenieurb\u00fcro Oetzel bzw. des Herstellers erwarten kann.<\/p>\n<p>&nbsp;<\/p>\n<p>9.2 Der Kunde hat die Ware umgehend nach Empfang der Lieferung auf Vollst\u00e4ndigkeit oder etwaige M\u00e4ngel zu \u00fcberpr\u00fcfen, dies sp\u00e4testens innerhalb von einer Woche ab Zugang, und wird im Falle einer Abweichung umgehend eine M\u00e4ngelanzeige senden. Bei versteckten M\u00e4ngeln ist die Mitteilung umgehend nach Feststellung des versteckten Mangels innerhalb der Gew\u00e4hrleistungsfrist vorzunehmen.<\/p>\n<p>&nbsp;<\/p>\n<p>9.3 Die Dauer der Gew\u00e4hrleistung betr\u00e4gt zwei Jahre. Sie beginnt mit dem Zugang der Ware beim Kunden.<\/p>\n<p>9.4 Im Fall des Mangels kann der Kunde gem\u00e4\u00df \u00a7 439 BGB nach seiner Wahl die Beseitigung des Mangels oder die Lieferung einer mangelfreien Sache verlangen. Das Ingenieurb\u00fcro Oetzel kann im Rahmen des \u00a7 439 die vom K\u00e4ufer gew\u00e4hlte Art der Nacherf\u00fcllung verweigern, wenn sie nur mit unverh\u00e4ltnism\u00e4\u00dfigen Kosten m\u00f6glich ist. Gelingt im Rahmen einer Reparatur die Beseitigung eines Mangels auch beim zweiten Versuch nicht, so ist der Kunde im Rahmen des \u00a7 439 BGB berechtigt, die Lieferung einer mangelfreien Sache zu verlangen oder den Kaufpreis zu mindern oder vom Vertrag zur\u00fcckzutreten. Der R\u00fccktritt ist abgeschlossen, wenn der Mangel geringf\u00fcgig und unerheblich ist.<\/p>\n<p>9.5 Schadenersatzanspr\u00fcche wegen M\u00e4ngel der Sachen sind ausgeschlossen, es sei denn, dass das Ingenieurb\u00fcro Oetzel die M\u00e4ngel arglistig verschwieg oder eine Garantie f\u00fcr die Beschaffenheit der Ware \u00fcbernommen hat oder schuldhaft Sch\u00e4den an Leben, Gesundheit oder K\u00f6rper entstanden sind.<\/p>\n<p>9.6 Voraussetzung f\u00fcr die Gew\u00e4hrleistungsanspr\u00fcche ist, dass der Mangel nicht durch unsachgem\u00e4\u00dfe Benutzung oder \u00dcberbeanspruchung entstanden ist. Zeigt sich ein Mangel erst sp\u00e4ter als 6 Monate seit \u00dcbergabe, so hat der Kunde den Nachweis zu f\u00fchren, dass die Sache bei Gefahr\u00fcbergang mangelhaft war. Anderenfalls steht es dem Ingenieurb\u00fcro Oetzel frei, den Nachweis zu f\u00fchren, dass die Sache bei \u00dcbergabe keine Sachm\u00e4ngel aufwies.<\/p>\n<ol start=\"10\">\n<li>Haftung<\/li>\n<\/ol>\n<p>10.1 Das Ingenieurb\u00fcro Oetzel haftet in F\u00e4llen positiver Forderungsverletzung, Verschulden bei Vertragsabschluss, Verzug, Unm\u00f6glichkeit, unerlaubter Handlung sowie aus sonstigem Rechtsgrund bei Vorsatz und grober Fahrl\u00e4ssigkeit. Im Falle der schuldhaften Verletzung von vertraglichen Kardinalspflichten (Hauptvertragspflichten) oder bei arglistiger T\u00e4uschung sowie im Falle eines Ersatzanspruches gem\u00e4\u00df \u00a7 437 Ziffer 2 BGB haftet das Ingenieurb\u00fcro Oetzel im gesetzlichen Umfang. Lediglich bei einer Verletzung von Kardinalspflichten ist die Haftung f\u00fcr Mitarbeiter vom Ingenieurb\u00fcro Oetzel begrenzt auf den typischen, voraussehbaren Schaden. Mittelbare Sch\u00e4den sind insoweit ausgeschlossen. Bei Verzug hat der Gesch\u00e4ftskunde alternativ zum Schadenersatz das Recht, vom Vertrag zur\u00fcckzutreten.<\/p>\n<p>10.2 Der Umfang einer Haftung von Ingenieurb\u00fcro Oetzel nach dem Produkthaftungsgesetz bleibt unber\u00fchrt.<\/p>\n<p>&nbsp;<\/p>\n<p>10.3 Die vorstehenden Regelungen (9 und 10) geben den vollst\u00e4ndigen Haftungsumfang vom Ingenieurb\u00fcro Oetzel, der Gesch\u00e4ftsleitung und Mitarbeitern wieder. Eine weitergehende Haftung wird ausgeschlossen.<\/p>\n<ol start=\"11\">\n<li>Rechtswahl<\/li>\n<\/ol>\n<p>11.1 Auf die Rechtsverh\u00e4ltnisse zwischen dem Ingenieurb\u00fcro Oetzel und Kunden sowie auf die jeweiligen Gesch\u00e4ftsbedingungen findet deutsches Recht Anwendung. Die Anwendung des UN-\u00dcbereinkommens \u00fcber Vertr\u00e4ge \u00fcber den internationalen Warenkauf vom 11.04.1988 ist ausgeschlossen.<\/p>\n<p>&nbsp;<\/p>\n<p>11.2 Die Bestimmungen der Ziffer 10.1 lassen zwingende Regelungen des Rechts des Staates, in dem der Kunde seinen gew\u00f6hnlichen Aufenthalt hat, unber\u00fchrt, wenn und soweit der Kunde einen Kaufvertrag abgeschlossen hat, der nicht der beruflichen oder gewerblichen T\u00e4tigkeit des Kunden zugerechnet werden kann (Verbrauchervertrag) und wenn der Kunde die zum Abschluss des Kaufvertrags erforderlichen Rechtshandlungen in dem Staat seines gew\u00f6hnlichen Aufenthaltes vorgenommen hat.<\/p>\n<ol start=\"12\">\n<li>Verschiedenes<\/li>\n<\/ol>\n<p>12.1 Ein Recht des Kunden zur Aufrechnung oder Zur\u00fcckbehaltung besteht nicht, es sei denn, die Forderung ist unstreitig oder rechtskr\u00e4ftig gerichtlich festgestellt.<\/p>\n<p>12.2 Erf\u00fcllungsort ist f\u00fcr Zahlungen am Gesch\u00e4ftssitz vom Ingenieurb\u00fcro Oetzel. F\u00fcr Lieferungen ist der Erf\u00fcllungsort entweder bei dem Ingenieurb\u00fcro Oetzel oder der Versandort des ersten Versenders, der f\u00fcr das Ingenieurb\u00fcro Oetzel t\u00e4tig wird.<\/p>\n<p>12.3 Sollten einzelne Bestimmungen dieses Vertrages ganz oder teilweise nicht rechtswirksam sein oder ihre Rechtswirksamkeit sp\u00e4ter verlieren, so soll hierdurch die G\u00fcltigkeit des Vertrages im \u00fcbrigen nicht ber\u00fchrt werden. F\u00fcr diesen Fall verpflichten sich die Parteien, anstelle der unwirksamen Regelung eine wirksame Regelung zu vereinbaren, die, soweit rechtlich m\u00f6glich, den mit der unwirksamen Regelung verfolgten wirtschaftlichen Zweck unter Ber\u00fccksichtigung der in diesem Vertrag zum Ausdruck gekommenen Interesse der Parteien am n\u00e4chsten kommt. Das gleiche gilt, soweit der Vertrag eine von den Parteien nicht vorhergesehene L\u00fccke aufweist.<\/p>\n<p>12.4 Ausschlie\u00dflicher Gerichtsstand ist Kassel oder ein anderer gesetzlicher Gerichtsstand nach Wahl vom Ingenieurb\u00fcro Oetzel, soweit der Kunde ein Kaufmann im Sinne des Handelsgesetzbuches oder eine K\u00f6rperschaft des \u00f6ffentlichen Rechts ist<\/p>\n<\/div><\/div><\/div><\/div><\/div><\/div><\/section>\n","protected":false},"excerpt":{"rendered":"","protected":false},"author":2,"featured_media":0,"parent":0,"menu_order":0,"comment_status":"closed","ping_status":"closed","template":"","meta":{"footnotes":""},"class_list":["post-221","page","type-page","status-publish","hentry"],"_links":{"self":[{"href":"https:\/\/www.jati-schimmelpilzentferner.eu\/index.php\/wp-json\/wp\/v2\/pages\/221","targetHints":{"allow":["GET"]}}],"collection":[{"href":"https:\/\/www.jati-schimmelpilzentferner.eu\/index.php\/wp-json\/wp\/v2\/pages"}],"about":[{"href":"https:\/\/www.jati-schimmelpilzentferner.eu\/index.php\/wp-json\/wp\/v2\/types\/page"}],"author":[{"embeddable":true,"href":"https:\/\/www.jati-schimmelpilzentferner.eu\/index.php\/wp-json\/wp\/v2\/users\/2"}],"replies":[{"embeddable":true,"href":"https:\/\/www.jati-schimmelpilzentferner.eu\/index.php\/wp-json\/wp\/v2\/comments?post=221"}],"version-history":[{"count":12,"href":"https:\/\/www.jati-schimmelpilzentferner.eu\/index.php\/wp-json\/wp\/v2\/pages\/221\/revisions"}],"predecessor-version":[{"id":791,"href":"https:\/\/www.jati-schimmelpilzentferner.eu\/index.php\/wp-json\/wp\/v2\/pages\/221\/revisions\/791"}],"wp:attachment":[{"href":"https:\/\/www.jati-schimmelpilzentferner.eu\/index.php\/wp-json\/wp\/v2\/media?parent=221"}],"curies":[{"name":"wp","href":"https:\/\/api.w.org\/{rel}","templated":true}]}}